{"id":1590,"date":"2020-10-21T13:17:26","date_gmt":"2020-10-21T11:17:26","guid":{"rendered":"https:\/\/www.1001fontaines.com\/?page_id=1590"},"modified":"2025-10-08T20:35:44","modified_gmt":"2025-10-08T18:35:44","slug":"donate","status":"publish","type":"page","link":"https:\/\/www.1001fontaines.ch\/en\/donate\/","title":{"rendered":"Donate"},"content":{"rendered":"\t\t<div data-elementor-type=\"wp-page\" data-elementor-id=\"1590\" class=\"elementor elementor-1590\" data-elementor-post-type=\"page\">\n\t\t\t\t\t\t<section class=\"elementor-section elementor-top-section elementor-element elementor-element-eef785f elementor-section-content-middle elementor-section-boxed elementor-section-height-default elementor-section-height-default\" data-id=\"eef785f\" data-element_type=\"section\" data-e-type=\"section\" data-settings=\"{&quot;background_background&quot;:&quot;classic&quot;}\">\n\t\t\t\t\t\t<div class=\"elementor-container elementor-column-gap-extended\">\n\t\t\t\t\t<div class=\"elementor-column elementor-col-100 elementor-top-column elementor-element elementor-element-6f63448\" data-id=\"6f63448\" data-element_type=\"column\" data-e-type=\"column\">\n\t\t\t<div class=\"elementor-widget-wrap elementor-element-populated\">\n\t\t\t\t\t\t<div class=\"elementor-element elementor-element-bf22b55 elementor-widget elementor-widget-heading\" data-id=\"bf22b55\" data-element_type=\"widget\" data-e-type=\"widget\" data-widget_type=\"heading.default\">\n\t\t\t\t<div class=\"elementor-widget-container\">\n\t\t\t\t\t<h1 class=\"elementor-heading-title elementor-size-default\">Make a donation<\/h1>\t\t\t\t<\/div>\n\t\t\t\t<\/div>\n\t\t\t\t<div class=\"elementor-element elementor-element-7f91624 elementor-widget elementor-widget-text-editor\" data-id=\"7f91624\" data-element_type=\"widget\" data-e-type=\"widget\" data-widget_type=\"text-editor.default\">\n\t\t\t\t<div class=\"elementor-widget-container\">\n\t\t\t\t\t\t\t\t\t<h3><strong>Donating to 1001fontaines is eligible for tax exemption in France, Switzerland, Belgium, the UK, the US\u2026<\/strong><\/h3>\t\t\t\t\t\t\t\t<\/div>\n\t\t\t\t<\/div>\n\t\t\t\t<div class=\"elementor-element elementor-element-459c87c elementor-widget elementor-widget-text-editor\" data-id=\"459c87c\" data-element_type=\"widget\" data-e-type=\"widget\" data-widget_type=\"text-editor.default\">\n\t\t\t\t<div class=\"elementor-widget-container\">\n\t\t\t\t\t\t\t\t\t<p><strong>You can make a donation online and directly benefit from a tax exemption for France, Switzerland and the UK<\/strong><\/p>\t\t\t\t\t\t\t\t<\/div>\n\t\t\t\t<\/div>\n\t\t\t\t<section class=\"elementor-section elementor-inner-section elementor-element elementor-element-58e5475 elementor-section-boxed elementor-section-height-default elementor-section-height-default\" data-id=\"58e5475\" data-element_type=\"section\" data-e-type=\"section\">\n\t\t\t\t\t\t<div class=\"elementor-container elementor-column-gap-default\">\n\t\t\t\t\t<div class=\"elementor-column elementor-col-25 elementor-inner-column elementor-element elementor-element-93aa57f\" data-id=\"93aa57f\" data-element_type=\"column\" data-e-type=\"column\">\n\t\t\t<div class=\"elementor-widget-wrap elementor-element-populated\">\n\t\t\t\t\t\t<div class=\"elementor-element elementor-element-5c345c7 elementor-align-center elementor-widget__width-inherit elementor-widget elementor-widget-button\" data-id=\"5c345c7\" data-element_type=\"widget\" data-e-type=\"widget\" data-widget_type=\"button.default\">\n\t\t\t\t<div class=\"elementor-widget-container\">\n\t\t\t\t\t\t\t\t\t<div class=\"elementor-button-wrapper\">\n\t\t\t\t\t<a class=\"elementor-button elementor-button-link elementor-size-md\" href=\"https:\/\/donate.1001fontaines.com\/b\/my-donation?cid=1&#038;_cv=1\" target=\"_blank\">\n\t\t\t\t\t\t<span class=\"elementor-button-content-wrapper\">\n\t\t\t\t\t\t\t\t\t<span class=\"elementor-button-text\">FRANCE<\/span>\n\t\t\t\t\t<\/span>\n\t\t\t\t\t<\/a>\n\t\t\t\t<\/div>\n\t\t\t\t\t\t\t\t<\/div>\n\t\t\t\t<\/div>\n\t\t\t\t\t<\/div>\n\t\t<\/div>\n\t\t\t\t<div class=\"elementor-column elementor-col-25 elementor-inner-column elementor-element elementor-element-98c7b35\" data-id=\"98c7b35\" data-element_type=\"column\" data-e-type=\"column\">\n\t\t\t<div class=\"elementor-widget-wrap elementor-element-populated\">\n\t\t\t\t\t\t<div class=\"elementor-element elementor-element-3d7a837 elementor-align-center elementor-widget__width-inherit elementor-widget elementor-widget-button\" data-id=\"3d7a837\" data-element_type=\"widget\" data-e-type=\"widget\" data-widget_type=\"button.default\">\n\t\t\t\t<div class=\"elementor-widget-container\">\n\t\t\t\t\t\t\t\t\t<div class=\"elementor-button-wrapper\">\n\t\t\t\t\t<a class=\"elementor-button elementor-button-link elementor-size-md\" href=\"https:\/\/donate.1001fontaines.com\/WACH\/~my-donation?context_form_id=form_0989378387567019fc33f9cfc2813ca49ea1270c_68e6aeddbce191.07512871\" target=\"_blank\">\n\t\t\t\t\t\t<span class=\"elementor-button-content-wrapper\">\n\t\t\t\t\t\t\t\t\t<span class=\"elementor-button-text\">Switzerland<\/span>\n\t\t\t\t\t<\/span>\n\t\t\t\t\t<\/a>\n\t\t\t\t<\/div>\n\t\t\t\t\t\t\t\t<\/div>\n\t\t\t\t<\/div>\n\t\t\t\t\t<\/div>\n\t\t<\/div>\n\t\t\t\t<div class=\"elementor-column elementor-col-25 elementor-inner-column elementor-element elementor-element-e75d91a\" data-id=\"e75d91a\" data-element_type=\"column\" data-e-type=\"column\">\n\t\t\t<div class=\"elementor-widget-wrap elementor-element-populated\">\n\t\t\t\t\t\t<div class=\"elementor-element elementor-element-c996871 elementor-align-center elementor-widget__width-inherit elementor-widget elementor-widget-button\" data-id=\"c996871\" data-element_type=\"widget\" data-e-type=\"widget\" data-widget_type=\"button.default\">\n\t\t\t\t<div class=\"elementor-widget-container\">\n\t\t\t\t\t\t\t\t\t<div class=\"elementor-button-wrapper\">\n\t\t\t\t\t<a class=\"elementor-button elementor-button-link elementor-size-md\" href=\"https:\/\/www.justgiving.com\/1001fontaines\" target=\"_blank\">\n\t\t\t\t\t\t<span class=\"elementor-button-content-wrapper\">\n\t\t\t\t\t\t\t\t\t<span class=\"elementor-button-text\">UK<\/span>\n\t\t\t\t\t<\/span>\n\t\t\t\t\t<\/a>\n\t\t\t\t<\/div>\n\t\t\t\t\t\t\t\t<\/div>\n\t\t\t\t<\/div>\n\t\t\t\t\t<\/div>\n\t\t<\/div>\n\t\t\t\t<div class=\"elementor-column elementor-col-25 elementor-inner-column elementor-element elementor-element-33a974e\" data-id=\"33a974e\" data-element_type=\"column\" data-e-type=\"column\">\n\t\t\t<div class=\"elementor-widget-wrap elementor-element-populated\">\n\t\t\t\t\t\t<div class=\"elementor-element elementor-element-42c4f93 elementor-align-center elementor-widget__width-initial elementor-widget elementor-widget-button\" data-id=\"42c4f93\" data-element_type=\"widget\" data-e-type=\"widget\" data-widget_type=\"button.default\">\n\t\t\t\t<div class=\"elementor-widget-container\">\n\t\t\t\t\t\t\t\t\t<div class=\"elementor-button-wrapper\">\n\t\t\t\t\t<a class=\"elementor-button elementor-button-link elementor-size-md\" href=\"https:\/\/www.every.org\/1001fontaines?utm_campaign=donate-link#\/donate\" target=\"_blank\">\n\t\t\t\t\t\t<span class=\"elementor-button-content-wrapper\">\n\t\t\t\t\t\t\t\t\t<span class=\"elementor-button-text\">US<\/span>\n\t\t\t\t\t<\/span>\n\t\t\t\t\t<\/a>\n\t\t\t\t<\/div>\n\t\t\t\t\t\t\t\t<\/div>\n\t\t\t\t<\/div>\n\t\t\t\t\t<\/div>\n\t\t<\/div>\n\t\t\t\t\t<\/div>\n\t\t<\/section>\n\t\t\t\t<div class=\"elementor-element elementor-element-fc0d538 post elementor-widget elementor-widget-text-editor\" data-id=\"fc0d538\" data-element_type=\"widget\" data-e-type=\"widget\" data-widget_type=\"text-editor.default\">\n\t\t\t\t<div class=\"elementor-widget-container\">\n\t\t\t\t\t\t\t\t\t<p><strong>Contact us to know about the potential fiscal benefits in other countries <\/strong><\/p>\t\t\t\t\t\t\t\t<\/div>\n\t\t\t\t<\/div>\n\t\t\t\t<div class=\"elementor-element elementor-element-b26ce0e elementor-align-center elementor-widget__width-inherit elementor-widget elementor-widget-button\" data-id=\"b26ce0e\" data-element_type=\"widget\" data-e-type=\"widget\" data-widget_type=\"button.default\">\n\t\t\t\t<div class=\"elementor-widget-container\">\n\t\t\t\t\t\t\t\t\t<div class=\"elementor-button-wrapper\">\n\t\t\t\t\t<a class=\"elementor-button elementor-button-link elementor-size-md\" href=\"mailto:contact@1001fontaines.ch\" target=\"_blank\">\n\t\t\t\t\t\t<span class=\"elementor-button-content-wrapper\">\n\t\t\t\t\t\t\t\t\t<span class=\"elementor-button-text\">CONTACT US<\/span>\n\t\t\t\t\t<\/span>\n\t\t\t\t\t<\/a>\n\t\t\t\t<\/div>\n\t\t\t\t\t\t\t\t<\/div>\n\t\t\t\t<\/div>\n\t\t\t\t<div class=\"elementor-element elementor-element-b7dac13 post elementor-widget elementor-widget-text-editor\" data-id=\"b7dac13\" data-element_type=\"widget\" data-e-type=\"widget\" data-widget_type=\"text-editor.default\">\n\t\t\t\t<div class=\"elementor-widget-container\">\n\t\t\t\t\t\t\t\t\t<h3>Thank you very much for your support!<\/h3>\t\t\t\t\t\t\t\t<\/div>\n\t\t\t\t<\/div>\n\t\t\t\t\t<\/div>\n\t\t<\/div>\n\t\t\t\t\t<\/div>\n\t\t<\/section>\n\t\t\t\t<\/div>\n\t\t","protected":false},"excerpt":{"rendered":"<p>Make a donation Donating to 1001fontaines is eligible for tax exemption in France, Switzerland, Belgium, the UK, the US\u2026 You can make a donation online and directly benefit from a tax exemption for France, Switzerland and the UK FRANCE Switzerland UK US Contact us to know about the potential fiscal benefits in other countries CONTACT&hellip;<\/p>\n","protected":false},"author":1,"featured_media":0,"parent":0,"menu_order":0,"comment_status":"closed","ping_status":"closed","template":"","meta":[],"class_list":["post-1590","page","type-page","status-publish","hentry","description-off"],"yoast_head":"<!-- This site is optimized with the Yoast SEO plugin v27.4 - https:\/\/yoast.com\/product\/yoast-seo-wordpress\/ -->\n<title>Donate - 1001fontaines<\/title>\n<meta name=\"robots\" content=\"index, follow, max-snippet:-1, max-image-preview:large, max-video-preview:-1\" \/>\n<link rel=\"canonical\" href=\"https:\/\/www.1001fontaines.ch\/en\/donate\/\" \/>\n<meta property=\"og:locale\" content=\"en_US\" \/>\n<meta property=\"og:type\" content=\"article\" \/>\n<meta property=\"og:title\" content=\"Donate - 1001fontaines\" \/>\n<meta property=\"og:description\" content=\"Make a donation Donating to 1001fontaines is eligible for tax exemption in France, Switzerland, Belgium, the UK, the US\u2026 You can make a donation online and directly benefit from a tax exemption for France, Switzerland and the UK FRANCE Switzerland UK US Contact us to know about the potential fiscal benefits in other countries CONTACT&hellip;\" \/>\n<meta property=\"og:url\" content=\"https:\/\/www.1001fontaines.ch\/en\/donate\/\" \/>\n<meta property=\"og:site_name\" content=\"1001fontaines\" \/>\n<meta property=\"article:modified_time\" content=\"2025-10-08T18:35:44+00:00\" \/>\n<meta name=\"twitter:card\" content=\"summary_large_image\" \/>\n<meta name=\"twitter:label1\" content=\"Est. reading time\" \/>\n\t<meta name=\"twitter:data1\" content=\"1 minute\" \/>\n<script type=\"application\/ld+json\" class=\"yoast-schema-graph\">{\"@context\":\"https:\\\/\\\/schema.org\",\"@graph\":[{\"@type\":\"WebPage\",\"@id\":\"https:\\\/\\\/www.1001fontaines.ch\\\/en\\\/donate\\\/\",\"url\":\"https:\\\/\\\/www.1001fontaines.ch\\\/en\\\/donate\\\/\",\"name\":\"Donate - 1001fontaines\",\"isPartOf\":{\"@id\":\"https:\\\/\\\/www.1001fontaines.ch\\\/#website\"},\"datePublished\":\"2020-10-21T11:17:26+00:00\",\"dateModified\":\"2025-10-08T18:35:44+00:00\",\"breadcrumb\":{\"@id\":\"https:\\\/\\\/www.1001fontaines.ch\\\/en\\\/donate\\\/#breadcrumb\"},\"inLanguage\":\"en-US\",\"potentialAction\":[{\"@type\":\"ReadAction\",\"target\":[\"https:\\\/\\\/www.1001fontaines.ch\\\/en\\\/donate\\\/\"]}]},{\"@type\":\"BreadcrumbList\",\"@id\":\"https:\\\/\\\/www.1001fontaines.ch\\\/en\\\/donate\\\/#breadcrumb\",\"itemListElement\":[{\"@type\":\"ListItem\",\"position\":1,\"name\":\"Accueil\",\"item\":\"https:\\\/\\\/www.1001fontaines.ch\\\/en\\\/\"},{\"@type\":\"ListItem\",\"position\":2,\"name\":\"Donate\"}]},{\"@type\":\"WebSite\",\"@id\":\"https:\\\/\\\/www.1001fontaines.ch\\\/#website\",\"url\":\"https:\\\/\\\/www.1001fontaines.ch\\\/\",\"name\":\"1001fontaines\",\"description\":\"Donner acc\u00e8s \u00e0 vie \u00e0 l&#039;eau potable\",\"publisher\":{\"@id\":\"https:\\\/\\\/www.1001fontaines.ch\\\/#organization\"},\"potentialAction\":[{\"@type\":\"SearchAction\",\"target\":{\"@type\":\"EntryPoint\",\"urlTemplate\":\"https:\\\/\\\/www.1001fontaines.ch\\\/?s={search_term_string}\"},\"query-input\":{\"@type\":\"PropertyValueSpecification\",\"valueRequired\":true,\"valueName\":\"search_term_string\"}}],\"inLanguage\":\"en-US\"},{\"@type\":\"Organization\",\"@id\":\"https:\\\/\\\/www.1001fontaines.ch\\\/#organization\",\"name\":\"1001fontaines\",\"url\":\"https:\\\/\\\/www.1001fontaines.ch\\\/\",\"logo\":{\"@type\":\"ImageObject\",\"inLanguage\":\"en-US\",\"@id\":\"https:\\\/\\\/www.1001fontaines.ch\\\/#\\\/schema\\\/logo\\\/image\\\/\",\"url\":\"https:\\\/\\\/www.1001fontaines.ch\\\/wp-content\\\/uploads\\\/2020\\\/06\\\/logo-130x54-1.png\",\"contentUrl\":\"https:\\\/\\\/www.1001fontaines.ch\\\/wp-content\\\/uploads\\\/2020\\\/06\\\/logo-130x54-1.png\",\"width\":130,\"height\":54,\"caption\":\"1001fontaines\"},\"image\":{\"@id\":\"https:\\\/\\\/www.1001fontaines.ch\\\/#\\\/schema\\\/logo\\\/image\\\/\"},\"sameAs\":[\"https:\\\/\\\/www.linkedin.com\\\/company\\\/1001fontaines\\\/\"]}]}<\/script>\n<!-- \/ Yoast SEO plugin. -->","yoast_head_json":{"title":"Donate - 1001fontaines","robots":{"index":"index","follow":"follow","max-snippet":"max-snippet:-1","max-image-preview":"max-image-preview:large","max-video-preview":"max-video-preview:-1"},"canonical":"https:\/\/www.1001fontaines.ch\/en\/donate\/","og_locale":"en_US","og_type":"article","og_title":"Donate - 1001fontaines","og_description":"Make a donation Donating to 1001fontaines is eligible for tax exemption in France, Switzerland, Belgium, the UK, the US\u2026 You can make a donation online and directly benefit from a tax exemption for France, Switzerland and the UK FRANCE Switzerland UK US Contact us to know about the potential fiscal benefits in other countries CONTACT&hellip;","og_url":"https:\/\/www.1001fontaines.ch\/en\/donate\/","og_site_name":"1001fontaines","article_modified_time":"2025-10-08T18:35:44+00:00","twitter_card":"summary_large_image","twitter_misc":{"Est. reading time":"1 minute"},"schema":{"@context":"https:\/\/schema.org","@graph":[{"@type":"WebPage","@id":"https:\/\/www.1001fontaines.ch\/en\/donate\/","url":"https:\/\/www.1001fontaines.ch\/en\/donate\/","name":"Donate - 1001fontaines","isPartOf":{"@id":"https:\/\/www.1001fontaines.ch\/#website"},"datePublished":"2020-10-21T11:17:26+00:00","dateModified":"2025-10-08T18:35:44+00:00","breadcrumb":{"@id":"https:\/\/www.1001fontaines.ch\/en\/donate\/#breadcrumb"},"inLanguage":"en-US","potentialAction":[{"@type":"ReadAction","target":["https:\/\/www.1001fontaines.ch\/en\/donate\/"]}]},{"@type":"BreadcrumbList","@id":"https:\/\/www.1001fontaines.ch\/en\/donate\/#breadcrumb","itemListElement":[{"@type":"ListItem","position":1,"name":"Accueil","item":"https:\/\/www.1001fontaines.ch\/en\/"},{"@type":"ListItem","position":2,"name":"Donate"}]},{"@type":"WebSite","@id":"https:\/\/www.1001fontaines.ch\/#website","url":"https:\/\/www.1001fontaines.ch\/","name":"1001fontaines","description":"Donner acc\u00e8s \u00e0 vie \u00e0 l&#039;eau potable","publisher":{"@id":"https:\/\/www.1001fontaines.ch\/#organization"},"potentialAction":[{"@type":"SearchAction","target":{"@type":"EntryPoint","urlTemplate":"https:\/\/www.1001fontaines.ch\/?s={search_term_string}"},"query-input":{"@type":"PropertyValueSpecification","valueRequired":true,"valueName":"search_term_string"}}],"inLanguage":"en-US"},{"@type":"Organization","@id":"https:\/\/www.1001fontaines.ch\/#organization","name":"1001fontaines","url":"https:\/\/www.1001fontaines.ch\/","logo":{"@type":"ImageObject","inLanguage":"en-US","@id":"https:\/\/www.1001fontaines.ch\/#\/schema\/logo\/image\/","url":"https:\/\/www.1001fontaines.ch\/wp-content\/uploads\/2020\/06\/logo-130x54-1.png","contentUrl":"https:\/\/www.1001fontaines.ch\/wp-content\/uploads\/2020\/06\/logo-130x54-1.png","width":130,"height":54,"caption":"1001fontaines"},"image":{"@id":"https:\/\/www.1001fontaines.ch\/#\/schema\/logo\/image\/"},"sameAs":["https:\/\/www.linkedin.com\/company\/1001fontaines\/"]}]}},"_links":{"self":[{"href":"https:\/\/www.1001fontaines.ch\/en\/wp-json\/wp\/v2\/pages\/1590","targetHints":{"allow":["GET"]}}],"collection":[{"href":"https:\/\/www.1001fontaines.ch\/en\/wp-json\/wp\/v2\/pages"}],"about":[{"href":"https:\/\/www.1001fontaines.ch\/en\/wp-json\/wp\/v2\/types\/page"}],"author":[{"embeddable":true,"href":"https:\/\/www.1001fontaines.ch\/en\/wp-json\/wp\/v2\/users\/1"}],"replies":[{"embeddable":true,"href":"https:\/\/www.1001fontaines.ch\/en\/wp-json\/wp\/v2\/comments?post=1590"}],"version-history":[{"count":16,"href":"https:\/\/www.1001fontaines.ch\/en\/wp-json\/wp\/v2\/pages\/1590\/revisions"}],"predecessor-version":[{"id":8975,"href":"https:\/\/www.1001fontaines.ch\/en\/wp-json\/wp\/v2\/pages\/1590\/revisions\/8975"}],"wp:attachment":[{"href":"https:\/\/www.1001fontaines.ch\/en\/wp-json\/wp\/v2\/media?parent=1590"}],"curies":[{"name":"wp","href":"https:\/\/api.w.org\/{rel}","templated":true}]}}