{"id":1554,"date":"2020-10-21T11:58:34","date_gmt":"2020-10-21T09:58:34","guid":{"rendered":"https:\/\/www.1001fontaines.com\/?page_id=1554"},"modified":"2026-04-15T10:53:54","modified_gmt":"2026-04-15T08:53:54","slug":"our-team","status":"publish","type":"page","link":"https:\/\/www.1001fontaines.ch\/en\/our-team\/","title":{"rendered":"Our team"},"content":{"rendered":"\t\t<div data-elementor-type=\"wp-page\" data-elementor-id=\"1554\" class=\"elementor elementor-1554 elementor-622\" data-elementor-post-type=\"page\">\n\t\t\t\t\t\t<section class=\"elementor-section elementor-top-section elementor-element elementor-element-812186e elementor-section-boxed elementor-section-height-default elementor-section-height-default\" data-id=\"812186e\" data-element_type=\"section\" data-e-type=\"section\">\n\t\t\t\t\t\t<div class=\"elementor-container elementor-column-gap-default\">\n\t\t\t\t\t<div class=\"elementor-column elementor-col-100 elementor-top-column elementor-element elementor-element-5fd7920\" data-id=\"5fd7920\" data-element_type=\"column\" data-e-type=\"column\">\n\t\t\t<div class=\"elementor-widget-wrap elementor-element-populated\">\n\t\t\t\t\t\t<div class=\"elementor-element elementor-element-6a80caa elementor-widget elementor-widget-heading\" data-id=\"6a80caa\" data-element_type=\"widget\" data-e-type=\"widget\" data-widget_type=\"heading.default\">\n\t\t\t\t<div class=\"elementor-widget-container\">\n\t\t\t\t\t<h1 class=\"elementor-heading-title elementor-size-default\">Our team<\/h1>\t\t\t\t<\/div>\n\t\t\t\t<\/div>\n\t\t\t\t<div class=\"elementor-element elementor-element-34cc16b elementor-widget elementor-widget-heading\" data-id=\"34cc16b\" data-element_type=\"widget\" data-e-type=\"widget\" data-widget_type=\"heading.default\">\n\t\t\t\t<div class=\"elementor-widget-container\">\n\t\t\t\t\t<h2 class=\"elementor-heading-title elementor-size-default\">In Switzerland<\/h2>\t\t\t\t<\/div>\n\t\t\t\t<\/div>\n\t\t\t\t\t<\/div>\n\t\t<\/div>\n\t\t\t\t\t<\/div>\n\t\t<\/section>\n\t\t\t\t<section class=\"elementor-section elementor-top-section elementor-element elementor-element-0257693 elementor-section-content-middle elementor-section-boxed elementor-section-height-default elementor-section-height-default\" data-id=\"0257693\" data-element_type=\"section\" data-e-type=\"section\">\n\t\t\t\t\t\t<div class=\"elementor-container elementor-column-gap-extended\">\n\t\t\t\t\t<div class=\"elementor-column elementor-col-50 elementor-top-column elementor-element elementor-element-1247033\" data-id=\"1247033\" data-element_type=\"column\" data-e-type=\"column\">\n\t\t\t<div class=\"elementor-widget-wrap elementor-element-populated\">\n\t\t\t\t\t\t<div class=\"elementor-element elementor-element-7165e3d img-equipe elementor-widget elementor-widget-image\" data-id=\"7165e3d\" data-element_type=\"widget\" data-e-type=\"widget\" data-widget_type=\"image.default\">\n\t\t\t\t<div class=\"elementor-widget-container\">\n\t\t\t\t\t\t\t\t\t\t\t\t\t\t\t<img decoding=\"async\" src=\"https:\/\/www.1001fontaines.ch\/wp-content\/uploads\/elementor\/thumbs\/malik-bafou-delegue-general-suisse-geneve-1001fontaines-water-for-all-safe-drinking-ONG-association-NGO-1-scaled-r63fcluhprx3q2zup2bawx3qat3q3wpcj8n5mvuypo.jpg\" title=\"malik-bafou-delegue-general-suisse-geneve-1001fontaines-water-for-all-safe-drinking-ONG-association-NGO\" alt=\"malik-bafou-delegue-general-suisse-geneve-1001fontaines-water-for-all-safe-drinking-ONG-association-NGO\" loading=\"lazy\" \/>\t\t\t\t\t\t\t\t\t\t\t\t\t\t\t<\/div>\n\t\t\t\t<\/div>\n\t\t\t\t\t<\/div>\n\t\t<\/div>\n\t\t\t\t<div class=\"elementor-column elementor-col-50 elementor-top-column elementor-element elementor-element-035b91e\" data-id=\"035b91e\" data-element_type=\"column\" data-e-type=\"column\">\n\t\t\t<div class=\"elementor-widget-wrap elementor-element-populated\">\n\t\t\t\t\t\t<div class=\"elementor-element elementor-element-a62db74 elementor-widget elementor-widget-heading\" data-id=\"a62db74\" data-element_type=\"widget\" data-e-type=\"widget\" data-widget_type=\"heading.default\">\n\t\t\t\t<div class=\"elementor-widget-container\">\n\t\t\t\t\t<h3 class=\"elementor-heading-title elementor-size-default\">Malik Bafou<\/h3>\t\t\t\t<\/div>\n\t\t\t\t<\/div>\n\t\t\t\t<div class=\"elementor-element elementor-element-aaf309a elementor-widget elementor-widget-text-editor\" data-id=\"aaf309a\" data-element_type=\"widget\" data-e-type=\"widget\" data-widget_type=\"text-editor.default\">\n\t\t\t\t<div class=\"elementor-widget-container\">\n\t\t\t\t\t\t\t\t\t<div style=\"text-align: justify;\"><strong><br \/>Executive Director<br \/><\/strong>After having been head of communication in private companies for several years, Malik joined the Oak Foundation in 2010 in the Special Interest Program, then held a research position at the University of Geneva. He holds a bachelor\u2019s degree in political science from the University of Lausanne and two Masters: Media &amp; Communication from the University of Geneva and Financial Communication from the University of Lugano.<p>He has been leading 1001fontaines Switzerland\u2019 fundraising efforts since 2019.<\/p><\/div>\t\t\t\t\t\t\t\t<\/div>\n\t\t\t\t<\/div>\n\t\t\t\t\t<\/div>\n\t\t<\/div>\n\t\t\t\t\t<\/div>\n\t\t<\/section>\n\t\t\t\t<section class=\"elementor-section elementor-top-section elementor-element elementor-element-07bee26 elementor-section-content-middle elementor-section-boxed elementor-section-height-default elementor-section-height-default\" data-id=\"07bee26\" data-element_type=\"section\" data-e-type=\"section\" data-settings=\"{&quot;background_background&quot;:&quot;classic&quot;}\">\n\t\t\t\t\t\t<div class=\"elementor-container elementor-column-gap-no\">\n\t\t\t\t\t<div class=\"elementor-column elementor-col-100 elementor-top-column elementor-element elementor-element-0262fc3\" data-id=\"0262fc3\" data-element_type=\"column\" data-e-type=\"column\">\n\t\t\t<div class=\"elementor-widget-wrap\">\n\t\t\t\t\t\t\t<\/div>\n\t\t<\/div>\n\t\t\t\t\t<\/div>\n\t\t<\/section>\n\t\t\t\t<\/div>\n\t\t","protected":false},"excerpt":{"rendered":"<p>Our team In Switzerland Malik Bafou Executive DirectorAfter having been head of communication in private companies for several years, Malik joined the Oak Foundation in 2010 in the Special Interest Program, then held a research position at the University of Geneva. He holds a bachelor\u2019s degree in political science from the University of Lausanne and&hellip;<\/p>\n","protected":false},"author":1,"featured_media":0,"parent":0,"menu_order":0,"comment_status":"closed","ping_status":"closed","template":"","meta":[],"class_list":["post-1554","page","type-page","status-publish","hentry","description-off"],"yoast_head":"<!-- This site is optimized with the Yoast SEO plugin v27.5 - https:\/\/yoast.com\/product\/yoast-seo-wordpress\/ -->\n<title>Our team - 1001fontaines<\/title>\n<meta name=\"robots\" content=\"index, follow, max-snippet:-1, max-image-preview:large, max-video-preview:-1\" \/>\n<link rel=\"canonical\" href=\"https:\/\/www.1001fontaines.com\/en\/our-team\/\" \/>\n<meta property=\"og:locale\" content=\"en_US\" \/>\n<meta property=\"og:type\" content=\"article\" \/>\n<meta property=\"og:title\" content=\"Our team - 1001fontaines\" \/>\n<meta property=\"og:description\" content=\"Our team In Switzerland Malik Bafou Executive DirectorAfter having been head of communication in private companies for several years, Malik joined the Oak Foundation in 2010 in the Special Interest Program, then held a research position at the University of Geneva. He holds a bachelor\u2019s degree in political science from the University of Lausanne and&hellip;\" \/>\n<meta property=\"og:url\" content=\"https:\/\/www.1001fontaines.com\/en\/our-team\/\" \/>\n<meta property=\"og:site_name\" content=\"1001fontaines\" \/>\n<meta property=\"article:modified_time\" content=\"2026-04-15T08:53:54+00:00\" \/>\n<meta property=\"og:image\" content=\"https:\/\/www.1001fontaines.com\/wp-content\/uploads\/elementor\/thumbs\/Julien-Ancele-ow77kt9wtkktgrp5salevn897yp4hz0lwiy55ca0qk.jpg\" \/>\n<meta name=\"twitter:card\" content=\"summary_large_image\" \/>\n<meta name=\"twitter:label1\" content=\"Est. reading time\" \/>\n\t<meta name=\"twitter:data1\" content=\"10 minutes\" \/>\n<script type=\"application\/ld+json\" class=\"yoast-schema-graph\">{\"@context\":\"https:\\\/\\\/schema.org\",\"@graph\":[{\"@type\":\"WebPage\",\"@id\":\"https:\\\/\\\/www.1001fontaines.com\\\/en\\\/our-team\\\/\",\"url\":\"https:\\\/\\\/www.1001fontaines.com\\\/en\\\/our-team\\\/\",\"name\":\"Our team - 1001fontaines\",\"isPartOf\":{\"@id\":\"https:\\\/\\\/www.1001fontaines.com\\\/#website\"},\"primaryImageOfPage\":{\"@id\":\"https:\\\/\\\/www.1001fontaines.com\\\/en\\\/our-team\\\/#primaryimage\"},\"image\":{\"@id\":\"https:\\\/\\\/www.1001fontaines.com\\\/en\\\/our-team\\\/#primaryimage\"},\"thumbnailUrl\":\"https:\\\/\\\/www.1001fontaines.ch\\\/wp-content\\\/uploads\\\/elementor\\\/thumbs\\\/malik-bafou-delegue-general-suisse-geneve-1001fontaines-water-for-all-safe-drinking-ONG-association-NGO-1-scaled-qw2wcmn6ko4za6xycs8dat5k0973rzi049o82p5vzw.jpg\",\"datePublished\":\"2020-10-21T09:58:34+00:00\",\"dateModified\":\"2026-04-15T08:53:54+00:00\",\"breadcrumb\":{\"@id\":\"https:\\\/\\\/www.1001fontaines.com\\\/en\\\/our-team\\\/#breadcrumb\"},\"inLanguage\":\"en-US\",\"potentialAction\":[{\"@type\":\"ReadAction\",\"target\":[\"https:\\\/\\\/www.1001fontaines.com\\\/en\\\/our-team\\\/\"]}]},{\"@type\":\"ImageObject\",\"inLanguage\":\"en-US\",\"@id\":\"https:\\\/\\\/www.1001fontaines.com\\\/en\\\/our-team\\\/#primaryimage\",\"url\":\"https:\\\/\\\/www.1001fontaines.ch\\\/wp-content\\\/uploads\\\/elementor\\\/thumbs\\\/malik-bafou-delegue-general-suisse-geneve-1001fontaines-water-for-all-safe-drinking-ONG-association-NGO-1-scaled-qw2wcmn6ko4za6xycs8dat5k0973rzi049o82p5vzw.jpg\",\"contentUrl\":\"https:\\\/\\\/www.1001fontaines.ch\\\/wp-content\\\/uploads\\\/elementor\\\/thumbs\\\/malik-bafou-delegue-general-suisse-geneve-1001fontaines-water-for-all-safe-drinking-ONG-association-NGO-1-scaled-qw2wcmn6ko4za6xycs8dat5k0973rzi049o82p5vzw.jpg\"},{\"@type\":\"BreadcrumbList\",\"@id\":\"https:\\\/\\\/www.1001fontaines.com\\\/en\\\/our-team\\\/#breadcrumb\",\"itemListElement\":[{\"@type\":\"ListItem\",\"position\":1,\"name\":\"Accueil\",\"item\":\"https:\\\/\\\/www.1001fontaines.com\\\/en\\\/home\\\/\"},{\"@type\":\"ListItem\",\"position\":2,\"name\":\"Our team\"}]},{\"@type\":\"WebSite\",\"@id\":\"https:\\\/\\\/www.1001fontaines.com\\\/#website\",\"url\":\"https:\\\/\\\/www.1001fontaines.com\\\/\",\"name\":\"1001fontaines\",\"description\":\"Donner acc\u00e8s \u00e0 vie \u00e0 l&#039;eau potable\",\"publisher\":{\"@id\":\"https:\\\/\\\/www.1001fontaines.com\\\/#organization\"},\"potentialAction\":[{\"@type\":\"SearchAction\",\"target\":{\"@type\":\"EntryPoint\",\"urlTemplate\":\"https:\\\/\\\/www.1001fontaines.com\\\/?s={search_term_string}\"},\"query-input\":{\"@type\":\"PropertyValueSpecification\",\"valueRequired\":true,\"valueName\":\"search_term_string\"}}],\"inLanguage\":\"en-US\"},{\"@type\":\"Organization\",\"@id\":\"https:\\\/\\\/www.1001fontaines.com\\\/#organization\",\"name\":\"1001fontaines\",\"url\":\"https:\\\/\\\/www.1001fontaines.com\\\/\",\"logo\":{\"@type\":\"ImageObject\",\"inLanguage\":\"en-US\",\"@id\":\"https:\\\/\\\/www.1001fontaines.com\\\/#\\\/schema\\\/logo\\\/image\\\/\",\"url\":\"https:\\\/\\\/www.1001fontaines.ch\\\/wp-content\\\/uploads\\\/2020\\\/06\\\/logo-130x54-1.png\",\"contentUrl\":\"https:\\\/\\\/www.1001fontaines.ch\\\/wp-content\\\/uploads\\\/2020\\\/06\\\/logo-130x54-1.png\",\"width\":130,\"height\":54,\"caption\":\"1001fontaines\"},\"image\":{\"@id\":\"https:\\\/\\\/www.1001fontaines.com\\\/#\\\/schema\\\/logo\\\/image\\\/\"},\"sameAs\":[\"https:\\\/\\\/www.linkedin.com\\\/company\\\/1001fontaines\\\/\"]}]}<\/script>\n<!-- \/ Yoast SEO plugin. -->","yoast_head_json":{"title":"Our team - 1001fontaines","robots":{"index":"index","follow":"follow","max-snippet":"max-snippet:-1","max-image-preview":"max-image-preview:large","max-video-preview":"max-video-preview:-1"},"canonical":"https:\/\/www.1001fontaines.com\/en\/our-team\/","og_locale":"en_US","og_type":"article","og_title":"Our team - 1001fontaines","og_description":"Our team In Switzerland Malik Bafou Executive DirectorAfter having been head of communication in private companies for several years, Malik joined the Oak Foundation in 2010 in the Special Interest Program, then held a research position at the University of Geneva. He holds a bachelor\u2019s degree in political science from the University of Lausanne and&hellip;","og_url":"https:\/\/www.1001fontaines.com\/en\/our-team\/","og_site_name":"1001fontaines","article_modified_time":"2026-04-15T08:53:54+00:00","og_image":[{"url":"https:\/\/www.1001fontaines.com\/wp-content\/uploads\/elementor\/thumbs\/Julien-Ancele-ow77kt9wtkktgrp5salevn897yp4hz0lwiy55ca0qk.jpg","type":"","width":"","height":""}],"twitter_card":"summary_large_image","twitter_misc":{"Est. reading time":"10 minutes"},"schema":{"@context":"https:\/\/schema.org","@graph":[{"@type":"WebPage","@id":"https:\/\/www.1001fontaines.com\/en\/our-team\/","url":"https:\/\/www.1001fontaines.com\/en\/our-team\/","name":"Our team - 1001fontaines","isPartOf":{"@id":"https:\/\/www.1001fontaines.com\/#website"},"primaryImageOfPage":{"@id":"https:\/\/www.1001fontaines.com\/en\/our-team\/#primaryimage"},"image":{"@id":"https:\/\/www.1001fontaines.com\/en\/our-team\/#primaryimage"},"thumbnailUrl":"https:\/\/www.1001fontaines.ch\/wp-content\/uploads\/elementor\/thumbs\/malik-bafou-delegue-general-suisse-geneve-1001fontaines-water-for-all-safe-drinking-ONG-association-NGO-1-scaled-qw2wcmn6ko4za6xycs8dat5k0973rzi049o82p5vzw.jpg","datePublished":"2020-10-21T09:58:34+00:00","dateModified":"2026-04-15T08:53:54+00:00","breadcrumb":{"@id":"https:\/\/www.1001fontaines.com\/en\/our-team\/#breadcrumb"},"inLanguage":"en-US","potentialAction":[{"@type":"ReadAction","target":["https:\/\/www.1001fontaines.com\/en\/our-team\/"]}]},{"@type":"ImageObject","inLanguage":"en-US","@id":"https:\/\/www.1001fontaines.com\/en\/our-team\/#primaryimage","url":"https:\/\/www.1001fontaines.ch\/wp-content\/uploads\/elementor\/thumbs\/malik-bafou-delegue-general-suisse-geneve-1001fontaines-water-for-all-safe-drinking-ONG-association-NGO-1-scaled-qw2wcmn6ko4za6xycs8dat5k0973rzi049o82p5vzw.jpg","contentUrl":"https:\/\/www.1001fontaines.ch\/wp-content\/uploads\/elementor\/thumbs\/malik-bafou-delegue-general-suisse-geneve-1001fontaines-water-for-all-safe-drinking-ONG-association-NGO-1-scaled-qw2wcmn6ko4za6xycs8dat5k0973rzi049o82p5vzw.jpg"},{"@type":"BreadcrumbList","@id":"https:\/\/www.1001fontaines.com\/en\/our-team\/#breadcrumb","itemListElement":[{"@type":"ListItem","position":1,"name":"Accueil","item":"https:\/\/www.1001fontaines.com\/en\/home\/"},{"@type":"ListItem","position":2,"name":"Our team"}]},{"@type":"WebSite","@id":"https:\/\/www.1001fontaines.com\/#website","url":"https:\/\/www.1001fontaines.com\/","name":"1001fontaines","description":"Donner acc\u00e8s \u00e0 vie \u00e0 l&#039;eau potable","publisher":{"@id":"https:\/\/www.1001fontaines.com\/#organization"},"potentialAction":[{"@type":"SearchAction","target":{"@type":"EntryPoint","urlTemplate":"https:\/\/www.1001fontaines.com\/?s={search_term_string}"},"query-input":{"@type":"PropertyValueSpecification","valueRequired":true,"valueName":"search_term_string"}}],"inLanguage":"en-US"},{"@type":"Organization","@id":"https:\/\/www.1001fontaines.com\/#organization","name":"1001fontaines","url":"https:\/\/www.1001fontaines.com\/","logo":{"@type":"ImageObject","inLanguage":"en-US","@id":"https:\/\/www.1001fontaines.com\/#\/schema\/logo\/image\/","url":"https:\/\/www.1001fontaines.ch\/wp-content\/uploads\/2020\/06\/logo-130x54-1.png","contentUrl":"https:\/\/www.1001fontaines.ch\/wp-content\/uploads\/2020\/06\/logo-130x54-1.png","width":130,"height":54,"caption":"1001fontaines"},"image":{"@id":"https:\/\/www.1001fontaines.com\/#\/schema\/logo\/image\/"},"sameAs":["https:\/\/www.linkedin.com\/company\/1001fontaines\/"]}]}},"_links":{"self":[{"href":"https:\/\/www.1001fontaines.ch\/en\/wp-json\/wp\/v2\/pages\/1554","targetHints":{"allow":["GET"]}}],"collection":[{"href":"https:\/\/www.1001fontaines.ch\/en\/wp-json\/wp\/v2\/pages"}],"about":[{"href":"https:\/\/www.1001fontaines.ch\/en\/wp-json\/wp\/v2\/types\/page"}],"author":[{"embeddable":true,"href":"https:\/\/www.1001fontaines.ch\/en\/wp-json\/wp\/v2\/users\/1"}],"replies":[{"embeddable":true,"href":"https:\/\/www.1001fontaines.ch\/en\/wp-json\/wp\/v2\/comments?post=1554"}],"version-history":[{"count":120,"href":"https:\/\/www.1001fontaines.ch\/en\/wp-json\/wp\/v2\/pages\/1554\/revisions"}],"predecessor-version":[{"id":9586,"href":"https:\/\/www.1001fontaines.ch\/en\/wp-json\/wp\/v2\/pages\/1554\/revisions\/9586"}],"wp:attachment":[{"href":"https:\/\/www.1001fontaines.ch\/en\/wp-json\/wp\/v2\/media?parent=1554"}],"curies":[{"name":"wp","href":"https:\/\/api.w.org\/{rel}","templated":true}]}}