{"id":1551,"date":"2020-10-21T10:39:38","date_gmt":"2020-10-21T08:39:38","guid":{"rendered":"https:\/\/www.1001fontaines.com\/?page_id=1551"},"modified":"2026-03-04T17:17:36","modified_gmt":"2026-03-04T16:17:36","slug":"board-members","status":"publish","type":"page","link":"https:\/\/www.1001fontaines.ch\/en\/board-members\/","title":{"rendered":"Board members"},"content":{"rendered":"\t\t<div data-elementor-type=\"wp-page\" data-elementor-id=\"1551\" class=\"elementor elementor-1551 elementor-591\" data-elementor-post-type=\"page\">\n\t\t\t\t\t\t<section class=\"elementor-section elementor-top-section elementor-element elementor-element-812186e elementor-section-boxed elementor-section-height-default elementor-section-height-default\" data-id=\"812186e\" data-element_type=\"section\" data-e-type=\"section\">\n\t\t\t\t\t\t<div class=\"elementor-container elementor-column-gap-default\">\n\t\t\t\t\t<div class=\"elementor-column elementor-col-100 elementor-top-column elementor-element elementor-element-5fd7920\" data-id=\"5fd7920\" data-element_type=\"column\" data-e-type=\"column\">\n\t\t\t<div class=\"elementor-widget-wrap elementor-element-populated\">\n\t\t\t\t\t\t<div class=\"elementor-element elementor-element-6a80caa elementor-widget elementor-widget-heading\" data-id=\"6a80caa\" data-element_type=\"widget\" data-e-type=\"widget\" data-widget_type=\"heading.default\">\n\t\t\t\t<div class=\"elementor-widget-container\">\n\t\t\t\t\t<h1 class=\"elementor-heading-title elementor-size-default\">Board members<\/h1>\t\t\t\t<\/div>\n\t\t\t\t<\/div>\n\t\t\t\t\t<\/div>\n\t\t<\/div>\n\t\t\t\t\t<\/div>\n\t\t<\/section>\n\t\t\t\t<section class=\"elementor-section elementor-top-section elementor-element elementor-element-3b81432 elementor-section-content-middle elementor-section-boxed elementor-section-height-default elementor-section-height-default\" data-id=\"3b81432\" data-element_type=\"section\" data-e-type=\"section\">\n\t\t\t\t\t\t<div class=\"elementor-container elementor-column-gap-extended\">\n\t\t\t\t\t<div class=\"elementor-column elementor-col-50 elementor-top-column elementor-element elementor-element-66458b0\" data-id=\"66458b0\" data-element_type=\"column\" data-e-type=\"column\">\n\t\t\t<div class=\"elementor-widget-wrap elementor-element-populated\">\n\t\t\t\t\t\t<div class=\"elementor-element elementor-element-f27003a img-equipe elementor-widget elementor-widget-image\" data-id=\"f27003a\" data-element_type=\"widget\" data-e-type=\"widget\" data-widget_type=\"image.default\">\n\t\t\t\t<div class=\"elementor-widget-container\">\n\t\t\t\t\t\t\t\t\t\t\t\t\t\t\t<img decoding=\"async\" src=\"https:\/\/www.1001fontaines.ch\/wp-content\/uploads\/elementor\/thumbs\/Screenshot-2022-12-26-at-09.33.49-r63fdpbpotf7bd4xq58vocq3adjk7s96y0lbzsvxcw.png\" title=\"Screenshot 2022-12-26 at 09.33.49\" alt=\"Screenshot 2022-12-26 at 09.33.49\" loading=\"lazy\" \/>\t\t\t\t\t\t\t\t\t\t\t\t\t\t\t<\/div>\n\t\t\t\t<\/div>\n\t\t\t\t\t<\/div>\n\t\t<\/div>\n\t\t\t\t<div class=\"elementor-column elementor-col-50 elementor-top-column elementor-element elementor-element-da601f4\" data-id=\"da601f4\" data-element_type=\"column\" data-e-type=\"column\">\n\t\t\t<div class=\"elementor-widget-wrap elementor-element-populated\">\n\t\t\t\t\t\t<div class=\"elementor-element elementor-element-9e2bd34 elementor-widget elementor-widget-heading\" data-id=\"9e2bd34\" data-element_type=\"widget\" data-e-type=\"widget\" data-widget_type=\"heading.default\">\n\t\t\t\t<div class=\"elementor-widget-container\">\n\t\t\t\t\t<h3 class=\"elementor-heading-title elementor-size-default\">Anne-Christine Bervill\u00e9<\/h3>\t\t\t\t<\/div>\n\t\t\t\t<\/div>\n\t\t\t\t<div class=\"elementor-element elementor-element-0b23c45 elementor-widget elementor-widget-text-editor\" data-id=\"0b23c45\" data-element_type=\"widget\" data-e-type=\"widget\" data-widget_type=\"text-editor.default\">\n\t\t\t\t<div class=\"elementor-widget-container\">\n\t\t\t\t\t\t\t\t\t<div style=\"text-align: justify;\">\n<strong>\nPresident\n<\/strong>\n\n<\/p>\nA graduate of Paris Dauphine University, Anne-Christine goes on a humanitarian mission with Children of the Mekong. Back in France, she worked for 10 years in marketing and international development at Unilever and then L\u2019Or\u00e9al. For the last years, Anne-Christine has supported 1001fontaines and has helped create the Swiss structure.\n\n<\/p>\n<\/div>\n\n\n\t\t\t\t\t\t\t\t<\/div>\n\t\t\t\t<\/div>\n\t\t\t\t\t<\/div>\n\t\t<\/div>\n\t\t\t\t\t<\/div>\n\t\t<\/section>\n\t\t\t\t<section class=\"elementor-section elementor-top-section elementor-element elementor-element-bb8da0d elementor-section-content-middle elementor-section-boxed elementor-section-height-default elementor-section-height-default\" data-id=\"bb8da0d\" data-element_type=\"section\" data-e-type=\"section\">\n\t\t\t\t\t\t<div class=\"elementor-container elementor-column-gap-extended\">\n\t\t\t\t\t<div class=\"elementor-column elementor-col-50 elementor-top-column elementor-element elementor-element-b7e0af1\" data-id=\"b7e0af1\" data-element_type=\"column\" data-e-type=\"column\">\n\t\t\t<div class=\"elementor-widget-wrap elementor-element-populated\">\n\t\t\t\t\t\t<div class=\"elementor-element elementor-element-ebf34a3 img-equipe elementor-widget elementor-widget-image\" data-id=\"ebf34a3\" data-element_type=\"widget\" data-e-type=\"widget\" data-widget_type=\"image.default\">\n\t\t\t\t<div class=\"elementor-widget-container\">\n\t\t\t\t\t\t\t\t\t\t\t\t\t\t\t<img decoding=\"async\" src=\"https:\/\/www.1001fontaines.ch\/wp-content\/uploads\/elementor\/thumbs\/Marie_flegbo-berney-r63fdpbpotf7bd4xq58vocq3adjk7s96y0lbzsvxcw.jpg\" title=\"Marie_flegbo berney\" alt=\"Marie_flegbo berney\" loading=\"lazy\" \/>\t\t\t\t\t\t\t\t\t\t\t\t\t\t\t<\/div>\n\t\t\t\t<\/div>\n\t\t\t\t\t<\/div>\n\t\t<\/div>\n\t\t\t\t<div class=\"elementor-column elementor-col-50 elementor-top-column elementor-element elementor-element-cdbf5aa\" data-id=\"cdbf5aa\" data-element_type=\"column\" data-e-type=\"column\">\n\t\t\t<div class=\"elementor-widget-wrap elementor-element-populated\">\n\t\t\t\t\t\t<div class=\"elementor-element elementor-element-4215d5b elementor-widget elementor-widget-heading\" data-id=\"4215d5b\" data-element_type=\"widget\" data-e-type=\"widget\" data-widget_type=\"heading.default\">\n\t\t\t\t<div class=\"elementor-widget-container\">\n\t\t\t\t\t<h3 class=\"elementor-heading-title elementor-size-default\">Marie Fegbo-Berney<\/h3>\t\t\t\t<\/div>\n\t\t\t\t<\/div>\n\t\t\t\t<div class=\"elementor-element elementor-element-1b457bc elementor-widget elementor-widget-text-editor\" data-id=\"1b457bc\" data-element_type=\"widget\" data-e-type=\"widget\" data-widget_type=\"text-editor.default\">\n\t\t\t\t<div class=\"elementor-widget-container\">\n\t\t\t\t\t\t\t\t\t<div style=\"text-align: justify;\"><div><div><p><span style=\"word-spacing: normal;\"><b>Vice-President<\/b><\/span><\/p><\/div><div><span lang=\"EN-GB\">Graduate of the Universities of Geneva and Zurich, Marie Flegbo-Berney is an attorney-at-law at the Geneva Bar, and holds an LL.M. from Fordham University (NY). With more than 15 years of experience, she specializes in corporate law, mergers and acquisitions, as well as in the philanthropy sector. She regularly advises non-profit foundations and associations based in Switzerland. She is also a member of the board of directors of several companies in Geneva, as well as of a foundation board. Marie joined 1001fontaines Suisse as a member of the executive committee in 2019.<\/span><\/div><\/div><\/div>\t\t\t\t\t\t\t\t<\/div>\n\t\t\t\t<\/div>\n\t\t\t\t\t<\/div>\n\t\t<\/div>\n\t\t\t\t\t<\/div>\n\t\t<\/section>\n\t\t\t\t<section class=\"elementor-section elementor-top-section elementor-element elementor-element-d4cf3a9 elementor-section-content-middle elementor-section-boxed elementor-section-height-default elementor-section-height-default\" data-id=\"d4cf3a9\" data-element_type=\"section\" data-e-type=\"section\">\n\t\t\t\t\t\t<div class=\"elementor-container elementor-column-gap-extended\">\n\t\t\t\t\t<div class=\"elementor-column elementor-col-50 elementor-top-column elementor-element elementor-element-d64bd8a\" data-id=\"d64bd8a\" data-element_type=\"column\" data-e-type=\"column\">\n\t\t\t<div class=\"elementor-widget-wrap elementor-element-populated\">\n\t\t\t\t\t\t<div class=\"elementor-element elementor-element-013fbc0 img-equipe elementor-widget elementor-widget-image\" data-id=\"013fbc0\" data-element_type=\"widget\" data-e-type=\"widget\" data-widget_type=\"image.default\">\n\t\t\t\t<div class=\"elementor-widget-container\">\n\t\t\t\t\t\t\t\t\t\t\t\t\t\t\t<img decoding=\"async\" src=\"https:\/\/www.1001fontaines.ch\/wp-content\/uploads\/elementor\/thumbs\/Carmen-Fankhauser-scaled-r63fdpbpotf7bd4xq58vocq3adjk7s96y0lbzsvxcw.jpg\" title=\"Carmen Fankhauser\" alt=\"Carmen Fankhauser\" loading=\"lazy\" \/>\t\t\t\t\t\t\t\t\t\t\t\t\t\t\t<\/div>\n\t\t\t\t<\/div>\n\t\t\t\t\t<\/div>\n\t\t<\/div>\n\t\t\t\t<div class=\"elementor-column elementor-col-50 elementor-top-column elementor-element elementor-element-5973431\" data-id=\"5973431\" data-element_type=\"column\" data-e-type=\"column\">\n\t\t\t<div class=\"elementor-widget-wrap elementor-element-populated\">\n\t\t\t\t\t\t<div class=\"elementor-element elementor-element-370a22d elementor-widget elementor-widget-heading\" data-id=\"370a22d\" data-element_type=\"widget\" data-e-type=\"widget\" data-widget_type=\"heading.default\">\n\t\t\t\t<div class=\"elementor-widget-container\">\n\t\t\t\t\t<h3 class=\"elementor-heading-title elementor-size-default\">Carmen Fankhauser<\/h3>\t\t\t\t<\/div>\n\t\t\t\t<\/div>\n\t\t\t\t<div class=\"elementor-element elementor-element-be40d3a elementor-widget elementor-widget-text-editor\" data-id=\"be40d3a\" data-element_type=\"widget\" data-e-type=\"widget\" data-widget_type=\"text-editor.default\">\n\t\t\t\t<div class=\"elementor-widget-container\">\n\t\t\t\t\t\t\t\t\t<div style=\"text-align: justify;\">\n\n<\/p>\nMulticultural and multilingual, Carmen has 25 years of national and international experience in business &#038; sustainable development, corporate communications and marketing across industries, including economic promotion, air navigation services, automotive, IT and banking. Quick on her feet with a positive attitude she is engaged and committed to support the Swiss economy and society in accompanying their ecological and social transition. She is also a board member of the B Lab Switzerland foundation and president of the NGO Nicefuture. Since 2011 she is involved in politics as a local councilor in St-Sulpice (president 2021-22) &#8211; member of the sustainable development commission and co-founder of the communal agreement party.\n<\/p>\n\n<\/div>\n\t\t\t\t\t\t\t\t<\/div>\n\t\t\t\t<\/div>\n\t\t\t\t\t<\/div>\n\t\t<\/div>\n\t\t\t\t\t<\/div>\n\t\t<\/section>\n\t\t\t\t<section class=\"elementor-section elementor-top-section elementor-element elementor-element-0b3717e elementor-section-content-middle elementor-section-boxed elementor-section-height-default elementor-section-height-default\" data-id=\"0b3717e\" data-element_type=\"section\" data-e-type=\"section\">\n\t\t\t\t\t\t<div class=\"elementor-container elementor-column-gap-extended\">\n\t\t\t\t\t<div class=\"elementor-column elementor-col-50 elementor-top-column elementor-element elementor-element-4867d79\" data-id=\"4867d79\" data-element_type=\"column\" data-e-type=\"column\">\n\t\t\t<div class=\"elementor-widget-wrap elementor-element-populated\">\n\t\t\t\t\t\t<div class=\"elementor-element elementor-element-320e03b img-equipe elementor-widget elementor-widget-image\" data-id=\"320e03b\" data-element_type=\"widget\" data-e-type=\"widget\" data-widget_type=\"image.default\">\n\t\t\t\t<div class=\"elementor-widget-container\">\n\t\t\t\t\t\t\t\t\t\t\t\t\t\t\t<img decoding=\"async\" src=\"https:\/\/www.1001fontaines.ch\/wp-content\/uploads\/elementor\/thumbs\/Chantal-Iffland-1-scaled-r63fdpbpotf7bd4xq58vocq3adjk7s96y0lbzsvxcw.jpg\" title=\"Chantal Iffland\" alt=\"Chantal Iffland\" loading=\"lazy\" \/>\t\t\t\t\t\t\t\t\t\t\t\t\t\t\t<\/div>\n\t\t\t\t<\/div>\n\t\t\t\t\t<\/div>\n\t\t<\/div>\n\t\t\t\t<div class=\"elementor-column elementor-col-50 elementor-top-column elementor-element elementor-element-b5bc1b2\" data-id=\"b5bc1b2\" data-element_type=\"column\" data-e-type=\"column\">\n\t\t\t<div class=\"elementor-widget-wrap elementor-element-populated\">\n\t\t\t\t\t\t<div class=\"elementor-element elementor-element-a4a3742 elementor-widget elementor-widget-heading\" data-id=\"a4a3742\" data-element_type=\"widget\" data-e-type=\"widget\" data-widget_type=\"heading.default\">\n\t\t\t\t<div class=\"elementor-widget-container\">\n\t\t\t\t\t<h3 class=\"elementor-heading-title elementor-size-default\">Chantal Iffland<\/h3>\t\t\t\t<\/div>\n\t\t\t\t<\/div>\n\t\t\t\t<div class=\"elementor-element elementor-element-8270065 elementor-widget elementor-widget-text-editor\" data-id=\"8270065\" data-element_type=\"widget\" data-e-type=\"widget\" data-widget_type=\"text-editor.default\">\n\t\t\t\t<div class=\"elementor-widget-container\">\n\t\t\t\t\t\t\t\t\t<div style=\"text-align: justify;\">\n<b>Treasurer<\/b>\n<div>\n<div>\n<div>Chantal Iffland is a lawyer who worked at KPMG Fides at the beginning of her career, then joined the Claim Resolution Tribunal for dormant accounts in Switzerland, based in Zurich, where she worked as a legal secretary and later as Resident Claim Judge. She then specialized in taxation within the Vaud tax administration and is currently working as a tax consultant for a fiduciary firm active mainly in tax consulting for individuals and SMEs.<\/div>\n<\/div>\n<\/div>\t\t\t\t\t\t\t\t<\/div>\n\t\t\t\t<\/div>\n\t\t\t\t\t<\/div>\n\t\t<\/div>\n\t\t\t\t\t<\/div>\n\t\t<\/section>\n\t\t\t\t<section class=\"elementor-section elementor-top-section elementor-element elementor-element-0fe6d15 elementor-section-content-middle elementor-section-boxed elementor-section-height-default elementor-section-height-default\" data-id=\"0fe6d15\" data-element_type=\"section\" data-e-type=\"section\">\n\t\t\t\t\t\t<div class=\"elementor-container elementor-column-gap-extended\">\n\t\t\t\t\t<div class=\"elementor-column elementor-col-50 elementor-top-column elementor-element elementor-element-f022251\" data-id=\"f022251\" data-element_type=\"column\" data-e-type=\"column\">\n\t\t\t<div class=\"elementor-widget-wrap elementor-element-populated\">\n\t\t\t\t\t\t<div class=\"elementor-element elementor-element-e7bf543 img-equipe elementor-widget elementor-widget-image\" data-id=\"e7bf543\" data-element_type=\"widget\" data-e-type=\"widget\" data-widget_type=\"image.default\">\n\t\t\t\t<div class=\"elementor-widget-container\">\n\t\t\t\t\t\t\t\t\t\t\t\t\t\t\t<img decoding=\"async\" src=\"https:\/\/www.1001fontaines.ch\/wp-content\/uploads\/elementor\/thumbs\/Perrette-Board-Ch-e1698238219334-r63fd5l3pao6jjxlxepppzpeta8uq52tvaw4wzp6zk.jpg\" title=\"Perrette Board Ch\" alt=\"Perrette Board Ch\" loading=\"lazy\" \/>\t\t\t\t\t\t\t\t\t\t\t\t\t\t\t<\/div>\n\t\t\t\t<\/div>\n\t\t\t\t\t<\/div>\n\t\t<\/div>\n\t\t\t\t<div class=\"elementor-column elementor-col-50 elementor-top-column elementor-element elementor-element-0899d03\" data-id=\"0899d03\" data-element_type=\"column\" data-e-type=\"column\">\n\t\t\t<div class=\"elementor-widget-wrap elementor-element-populated\">\n\t\t\t\t\t\t<div class=\"elementor-element elementor-element-72f81b3 elementor-widget elementor-widget-heading\" data-id=\"72f81b3\" data-element_type=\"widget\" data-e-type=\"widget\" data-widget_type=\"heading.default\">\n\t\t\t\t<div class=\"elementor-widget-container\">\n\t\t\t\t\t<h3 class=\"elementor-heading-title elementor-size-default\">Cl\u00e9ment Perrette<\/h3>\t\t\t\t<\/div>\n\t\t\t\t<\/div>\n\t\t\t\t<div class=\"elementor-element elementor-element-c0637d7 elementor-widget elementor-widget-text-editor\" data-id=\"c0637d7\" data-element_type=\"widget\" data-e-type=\"widget\" data-widget_type=\"text-editor.default\">\n\t\t\t\t<div class=\"elementor-widget-container\">\n\t\t\t\t\t\t\t\t\t<div style=\"text-align: justify;\">\n<strong>\n<\/strong>\n\n<p>\nWith a Master&#8217;s degree in Finance from HEC Paris and an engineering degree from the Ecole National Sup\u00e9rieur d&#8217;Informatique et de Math\u00e9matiques Appliqu\u00e9es de Grenoble, Cl\u00e9ment Perrette has worked in the financial markets in Paris and London as a trader, then as Head of Fixed Income Trading Europe at Paribas, Deutsche Bank and Barclays Capital.\n<\/p>\n\n<p>\nIn Geneva for over 10 years, he has worked in Asset Management at RAM Active Investment as a fund manager.\n<\/p>\n<p>\nPassionate about the environment and the oceans, he is notably involved in fundraising and the publication of a book on the protection of marine fauna.\n<\/p>\n\n<\/div>\n\t\t\t\t\t\t\t\t<\/div>\n\t\t\t\t<\/div>\n\t\t\t\t\t<\/div>\n\t\t<\/div>\n\t\t\t\t\t<\/div>\n\t\t<\/section>\n\t\t\t\t<\/div>\n\t\t","protected":false},"excerpt":{"rendered":"<p>Board members Anne-Christine Bervill\u00e9 President A graduate of Paris Dauphine University, Anne-Christine goes on a humanitarian mission with Children of the Mekong. Back in France, she worked for 10 years in marketing and international development at Unilever and then L\u2019Or\u00e9al. For the last years, Anne-Christine has supported 1001fontaines and has helped create the Swiss structure.&hellip;<\/p>\n","protected":false},"author":1,"featured_media":0,"parent":0,"menu_order":0,"comment_status":"closed","ping_status":"closed","template":"","meta":[],"class_list":["post-1551","page","type-page","status-publish","hentry","description-off"],"yoast_head":"<!-- This site is optimized with the Yoast SEO plugin v27.3 - https:\/\/yoast.com\/product\/yoast-seo-wordpress\/ -->\n<title>Board members - 1001fontaines<\/title>\n<meta name=\"robots\" content=\"index, follow, max-snippet:-1, max-image-preview:large, max-video-preview:-1\" \/>\n<link rel=\"canonical\" href=\"https:\/\/www.1001fontaines.com\/en\/board-members\/\" \/>\n<meta property=\"og:locale\" content=\"en_US\" \/>\n<meta property=\"og:type\" content=\"article\" \/>\n<meta property=\"og:title\" content=\"Board members - 1001fontaines\" \/>\n<meta property=\"og:description\" content=\"Board members Anne-Christine Bervill\u00e9 President A graduate of Paris Dauphine University, Anne-Christine goes on a humanitarian mission with Children of the Mekong. Back in France, she worked for 10 years in marketing and international development at Unilever and then L\u2019Or\u00e9al. For the last years, Anne-Christine has supported 1001fontaines and has helped create the Swiss structure.&hellip;\" \/>\n<meta property=\"og:url\" content=\"https:\/\/www.1001fontaines.com\/en\/board-members\/\" \/>\n<meta property=\"og:site_name\" content=\"1001fontaines\" \/>\n<meta property=\"article:modified_time\" content=\"2026-03-04T16:17:36+00:00\" \/>\n<meta property=\"og:image\" content=\"https:\/\/www.1001fontaines.com\/wp-content\/uploads\/elementor\/thumbs\/0902557997782-web-tete-qdr57cmxw536nq3svhk28hxgaytmbqw8uvdkyfe0qk.jpg\" \/>\n<meta name=\"twitter:card\" content=\"summary_large_image\" \/>\n<meta name=\"twitter:label1\" content=\"Est. reading time\" \/>\n\t<meta name=\"twitter:data1\" content=\"5 minutes\" \/>\n<script type=\"application\/ld+json\" class=\"yoast-schema-graph\">{\"@context\":\"https:\\\/\\\/schema.org\",\"@graph\":[{\"@type\":\"WebPage\",\"@id\":\"https:\\\/\\\/www.1001fontaines.com\\\/en\\\/board-members\\\/\",\"url\":\"https:\\\/\\\/www.1001fontaines.com\\\/en\\\/board-members\\\/\",\"name\":\"Board members - 1001fontaines\",\"isPartOf\":{\"@id\":\"https:\\\/\\\/www.1001fontaines.com\\\/#website\"},\"primaryImageOfPage\":{\"@id\":\"https:\\\/\\\/www.1001fontaines.com\\\/en\\\/board-members\\\/#primaryimage\"},\"image\":{\"@id\":\"https:\\\/\\\/www.1001fontaines.com\\\/en\\\/board-members\\\/#primaryimage\"},\"thumbnailUrl\":\"https:\\\/\\\/www.1001fontaines.ch\\\/wp-content\\\/uploads\\\/elementor\\\/thumbs\\\/Screenshot-2022-12-26-at-09.33.49-pzq1rrcle84eyg2uilagfn7oqkg53k7lt9fparb8eo.png\",\"datePublished\":\"2020-10-21T08:39:38+00:00\",\"dateModified\":\"2026-03-04T16:17:36+00:00\",\"breadcrumb\":{\"@id\":\"https:\\\/\\\/www.1001fontaines.com\\\/en\\\/board-members\\\/#breadcrumb\"},\"inLanguage\":\"en-US\",\"potentialAction\":[{\"@type\":\"ReadAction\",\"target\":[\"https:\\\/\\\/www.1001fontaines.com\\\/en\\\/board-members\\\/\"]}]},{\"@type\":\"ImageObject\",\"inLanguage\":\"en-US\",\"@id\":\"https:\\\/\\\/www.1001fontaines.com\\\/en\\\/board-members\\\/#primaryimage\",\"url\":\"https:\\\/\\\/www.1001fontaines.ch\\\/wp-content\\\/uploads\\\/elementor\\\/thumbs\\\/Screenshot-2022-12-26-at-09.33.49-pzq1rrcle84eyg2uilagfn7oqkg53k7lt9fparb8eo.png\",\"contentUrl\":\"https:\\\/\\\/www.1001fontaines.ch\\\/wp-content\\\/uploads\\\/elementor\\\/thumbs\\\/Screenshot-2022-12-26-at-09.33.49-pzq1rrcle84eyg2uilagfn7oqkg53k7lt9fparb8eo.png\"},{\"@type\":\"BreadcrumbList\",\"@id\":\"https:\\\/\\\/www.1001fontaines.com\\\/en\\\/board-members\\\/#breadcrumb\",\"itemListElement\":[{\"@type\":\"ListItem\",\"position\":1,\"name\":\"Accueil\",\"item\":\"https:\\\/\\\/www.1001fontaines.com\\\/en\\\/home\\\/\"},{\"@type\":\"ListItem\",\"position\":2,\"name\":\"Board members\"}]},{\"@type\":\"WebSite\",\"@id\":\"https:\\\/\\\/www.1001fontaines.com\\\/#website\",\"url\":\"https:\\\/\\\/www.1001fontaines.com\\\/\",\"name\":\"1001fontaines\",\"description\":\"Donner acc\u00e8s \u00e0 vie \u00e0 l&#039;eau potable\",\"publisher\":{\"@id\":\"https:\\\/\\\/www.1001fontaines.com\\\/#organization\"},\"potentialAction\":[{\"@type\":\"SearchAction\",\"target\":{\"@type\":\"EntryPoint\",\"urlTemplate\":\"https:\\\/\\\/www.1001fontaines.com\\\/?s={search_term_string}\"},\"query-input\":{\"@type\":\"PropertyValueSpecification\",\"valueRequired\":true,\"valueName\":\"search_term_string\"}}],\"inLanguage\":\"en-US\"},{\"@type\":\"Organization\",\"@id\":\"https:\\\/\\\/www.1001fontaines.com\\\/#organization\",\"name\":\"1001fontaines\",\"url\":\"https:\\\/\\\/www.1001fontaines.com\\\/\",\"logo\":{\"@type\":\"ImageObject\",\"inLanguage\":\"en-US\",\"@id\":\"https:\\\/\\\/www.1001fontaines.com\\\/#\\\/schema\\\/logo\\\/image\\\/\",\"url\":\"https:\\\/\\\/www.1001fontaines.ch\\\/wp-content\\\/uploads\\\/2020\\\/06\\\/logo-130x54-1.png\",\"contentUrl\":\"https:\\\/\\\/www.1001fontaines.ch\\\/wp-content\\\/uploads\\\/2020\\\/06\\\/logo-130x54-1.png\",\"width\":130,\"height\":54,\"caption\":\"1001fontaines\"},\"image\":{\"@id\":\"https:\\\/\\\/www.1001fontaines.com\\\/#\\\/schema\\\/logo\\\/image\\\/\"},\"sameAs\":[\"https:\\\/\\\/www.linkedin.com\\\/company\\\/1001fontaines\\\/\"]}]}<\/script>\n<!-- \/ Yoast SEO plugin. -->","yoast_head_json":{"title":"Board members - 1001fontaines","robots":{"index":"index","follow":"follow","max-snippet":"max-snippet:-1","max-image-preview":"max-image-preview:large","max-video-preview":"max-video-preview:-1"},"canonical":"https:\/\/www.1001fontaines.com\/en\/board-members\/","og_locale":"en_US","og_type":"article","og_title":"Board members - 1001fontaines","og_description":"Board members Anne-Christine Bervill\u00e9 President A graduate of Paris Dauphine University, Anne-Christine goes on a humanitarian mission with Children of the Mekong. Back in France, she worked for 10 years in marketing and international development at Unilever and then L\u2019Or\u00e9al. For the last years, Anne-Christine has supported 1001fontaines and has helped create the Swiss structure.&hellip;","og_url":"https:\/\/www.1001fontaines.com\/en\/board-members\/","og_site_name":"1001fontaines","article_modified_time":"2026-03-04T16:17:36+00:00","og_image":[{"url":"https:\/\/www.1001fontaines.com\/wp-content\/uploads\/elementor\/thumbs\/0902557997782-web-tete-qdr57cmxw536nq3svhk28hxgaytmbqw8uvdkyfe0qk.jpg","type":"","width":"","height":""}],"twitter_card":"summary_large_image","twitter_misc":{"Est. reading time":"5 minutes"},"schema":{"@context":"https:\/\/schema.org","@graph":[{"@type":"WebPage","@id":"https:\/\/www.1001fontaines.com\/en\/board-members\/","url":"https:\/\/www.1001fontaines.com\/en\/board-members\/","name":"Board members - 1001fontaines","isPartOf":{"@id":"https:\/\/www.1001fontaines.com\/#website"},"primaryImageOfPage":{"@id":"https:\/\/www.1001fontaines.com\/en\/board-members\/#primaryimage"},"image":{"@id":"https:\/\/www.1001fontaines.com\/en\/board-members\/#primaryimage"},"thumbnailUrl":"https:\/\/www.1001fontaines.ch\/wp-content\/uploads\/elementor\/thumbs\/Screenshot-2022-12-26-at-09.33.49-pzq1rrcle84eyg2uilagfn7oqkg53k7lt9fparb8eo.png","datePublished":"2020-10-21T08:39:38+00:00","dateModified":"2026-03-04T16:17:36+00:00","breadcrumb":{"@id":"https:\/\/www.1001fontaines.com\/en\/board-members\/#breadcrumb"},"inLanguage":"en-US","potentialAction":[{"@type":"ReadAction","target":["https:\/\/www.1001fontaines.com\/en\/board-members\/"]}]},{"@type":"ImageObject","inLanguage":"en-US","@id":"https:\/\/www.1001fontaines.com\/en\/board-members\/#primaryimage","url":"https:\/\/www.1001fontaines.ch\/wp-content\/uploads\/elementor\/thumbs\/Screenshot-2022-12-26-at-09.33.49-pzq1rrcle84eyg2uilagfn7oqkg53k7lt9fparb8eo.png","contentUrl":"https:\/\/www.1001fontaines.ch\/wp-content\/uploads\/elementor\/thumbs\/Screenshot-2022-12-26-at-09.33.49-pzq1rrcle84eyg2uilagfn7oqkg53k7lt9fparb8eo.png"},{"@type":"BreadcrumbList","@id":"https:\/\/www.1001fontaines.com\/en\/board-members\/#breadcrumb","itemListElement":[{"@type":"ListItem","position":1,"name":"Accueil","item":"https:\/\/www.1001fontaines.com\/en\/home\/"},{"@type":"ListItem","position":2,"name":"Board members"}]},{"@type":"WebSite","@id":"https:\/\/www.1001fontaines.com\/#website","url":"https:\/\/www.1001fontaines.com\/","name":"1001fontaines","description":"Donner acc\u00e8s \u00e0 vie \u00e0 l&#039;eau potable","publisher":{"@id":"https:\/\/www.1001fontaines.com\/#organization"},"potentialAction":[{"@type":"SearchAction","target":{"@type":"EntryPoint","urlTemplate":"https:\/\/www.1001fontaines.com\/?s={search_term_string}"},"query-input":{"@type":"PropertyValueSpecification","valueRequired":true,"valueName":"search_term_string"}}],"inLanguage":"en-US"},{"@type":"Organization","@id":"https:\/\/www.1001fontaines.com\/#organization","name":"1001fontaines","url":"https:\/\/www.1001fontaines.com\/","logo":{"@type":"ImageObject","inLanguage":"en-US","@id":"https:\/\/www.1001fontaines.com\/#\/schema\/logo\/image\/","url":"https:\/\/www.1001fontaines.ch\/wp-content\/uploads\/2020\/06\/logo-130x54-1.png","contentUrl":"https:\/\/www.1001fontaines.ch\/wp-content\/uploads\/2020\/06\/logo-130x54-1.png","width":130,"height":54,"caption":"1001fontaines"},"image":{"@id":"https:\/\/www.1001fontaines.com\/#\/schema\/logo\/image\/"},"sameAs":["https:\/\/www.linkedin.com\/company\/1001fontaines\/"]}]}},"_links":{"self":[{"href":"https:\/\/www.1001fontaines.ch\/en\/wp-json\/wp\/v2\/pages\/1551","targetHints":{"allow":["GET"]}}],"collection":[{"href":"https:\/\/www.1001fontaines.ch\/en\/wp-json\/wp\/v2\/pages"}],"about":[{"href":"https:\/\/www.1001fontaines.ch\/en\/wp-json\/wp\/v2\/types\/page"}],"author":[{"embeddable":true,"href":"https:\/\/www.1001fontaines.ch\/en\/wp-json\/wp\/v2\/users\/1"}],"replies":[{"embeddable":true,"href":"https:\/\/www.1001fontaines.ch\/en\/wp-json\/wp\/v2\/comments?post=1551"}],"version-history":[{"count":62,"href":"https:\/\/www.1001fontaines.ch\/en\/wp-json\/wp\/v2\/pages\/1551\/revisions"}],"predecessor-version":[{"id":9534,"href":"https:\/\/www.1001fontaines.ch\/en\/wp-json\/wp\/v2\/pages\/1551\/revisions\/9534"}],"wp:attachment":[{"href":"https:\/\/www.1001fontaines.ch\/en\/wp-json\/wp\/v2\/media?parent=1551"}],"curies":[{"name":"wp","href":"https:\/\/api.w.org\/{rel}","templated":true}]}}